{"id":11,"date":"2026-01-21T12:23:34","date_gmt":"2026-01-21T12:23:34","guid":{"rendered":"https:\/\/tt888.app\/?page_id=11"},"modified":"2026-04-11T10:55:37","modified_gmt":"2026-04-11T10:55:37","slug":"trang-chu-tt88","status":"publish","type":"page","link":"https:\/\/tt88-mobile.app\/","title":{"rendered":"Trang ch\u1ee7 TT88"},"content":{"rendered":"\t<div class=\"img has-hover x md-x lg-x y md-y lg-y\" id=\"image_667172431\">\n\t\t\t\t\t\t\t\t<div class=\"img-inner dark\" >\n\t\t\t<img loading=\"lazy\" decoding=\"async\" width=\"1920\" height=\"520\" src=\"https:\/\/tt88-mobile.app\/wp-content\/uploads\/2026\/01\/banner-pc.webp\" class=\"attachment-original size-original\" alt=\"banner-tt88\" srcset=\"https:\/\/tt88-mobile.app\/wp-content\/uploads\/2026\/01\/banner-pc.webp 1920w, https:\/\/tt88-mobile.app\/wp-content\/uploads\/2026\/01\/banner-pc-300x81.webp 300w, https:\/\/tt88-mobile.app\/wp-content\/uploads\/2026\/01\/banner-pc-1024x277.webp 1024w, https:\/\/tt88-mobile.app\/wp-content\/uploads\/2026\/01\/banner-pc-768x208.webp 768w, https:\/\/tt88-mobile.app\/wp-content\/uploads\/2026\/01\/banner-pc-1536x416.webp 1536w\" sizes=\"auto, (max-width: 1920px) 100vw, 1920px\" \/>\t\t\t\t\t\t\n\t\t\t\t\t<\/div>\n\t\t\t\t\t\t\t\t\n<style>\n#image_667172431 {\n  width: 100%;\n}\n<\/style>\n\t<\/div>\n\t\n<h1 style=\"text-align: center;\" data-start=\"4113\" data-end=\"4160\"><strong>TT88 &#8211; Trang Ch\u1ee7 TT88 Ch\u00ednh Th\u1ee9c 2026 | \u0110\u0103ng K\u00fd &amp; T\u1ea3i \u00c1p +888K<\/strong><\/h1>\n<p><strong><a href=\"https:\/\/vugore.za.com\/\" target=\"_blank\" rel=\"noopener\">TT88<\/a><\/strong><span style=\"font-size: 14.4px;\">\u00a0l\u00e0 nh\u00e0 c\u00e1i online uy t\u00edn h\u00e0ng \u0111\u1ea7u Vi\u1ec7t Nam, \u0111\u01b0\u1ee3c c\u1ed9ng \u0111\u1ed3ng game th\u1ee7 \u0111\u00e1nh gi\u00e1 cao nh\u1edd t\u1ed1c \u0111\u1ed9 x\u1eed l\u00fd giao d\u1ecbch nhanh g\u1ecdn v\u00e0 tr\u1ea3i nghi\u1ec7m \u1ed5n \u0111\u1ecbnh xuy\u00ean su\u1ed1t. Th\u1ef1c t\u1ebf, nhi\u1ec1u ng\u01b0\u1eddi ch\u01a1i ghi nh\u1eadn th\u1eddi gian \u0111\u0103ng k\u00fd ch\u1ec9 kho\u1ea3ng <\/span><strong style=\"font-size: 14.4px;\" data-start=\"222\" data-end=\"236\">30\u201360 gi\u00e2y<\/strong><span style=\"font-size: 14.4px;\">, n\u1ea1p ti\u1ec1n g\u1ea7n nh\u01b0 v\u00e0o ngay, c\u00f2n r\u00fat ti\u1ec1n th\u01b0\u1eddng ho\u00e0n t\u1ea5t trong <\/span><strong style=\"font-size: 14.4px;\" data-start=\"300\" data-end=\"312\">3\u20135 ph\u00fat<\/strong><span style=\"font-size: 14.4px;\"> n\u1ebfu thao t\u00e1c \u0111\u00fang chu\u1ea9n. Kh\u00f4ng d\u1eebng l\u1ea1i \u1edf \u0111\u00f3, n\u1ec1n t\u1ea3ng n\u00e0y c\u00f2n s\u1edf h\u1eefu kho game \u0111a d\u1ea1ng t\u1eeb casino live, n\u1ed5 h\u0169 \u0111\u1ebfn th\u1ec3 thao, v\u1eadn h\u00e0nh m\u01b0\u1ee3t k\u1ec3 c\u1ea3 gi\u1edd cao \u0111i\u1ec3m. Giao di\u1ec7n \u0111\u01b0\u1ee3c t\u1ed1i gi\u1ea3n theo h\u01b0\u1edbng \u201cd\u1ec5 nh\u00ecn \u2013 d\u1ec5 ch\u01a1i\u201d, k\u1ebft h\u1ee3p b\u1ea3o m\u1eadt nhi\u1ec1u l\u1edbp gi\u00fap ng\u01b0\u1eddi d\u00f9ng an t\u00e2m khi tham gia. Ch\u00ednh nh\u1eefng y\u1ebfu t\u1ed1 v\u1eeba nhanh, v\u1eeba r\u00f5 r\u00e0ng, l\u1ea1i th\u00eam ph\u1ea7n \u201cchi\u1ec1u ng\u01b0\u1eddi ch\u01a1i\u201d n\u00e0y \u0111\u00e3 khi\u1ebfn TT88 tr\u1edf th\u00e0nh l\u1ef1a ch\u1ecdn quen m\u1eb7t trong gi\u1edbi c\u00e1 c\u01b0\u1ee3c online hi\u1ec7n nay.<\/span><\/p>\n<div class=\"container section-title-container\" ><h2 class=\"section-title section-title-center\"><b><\/b><span class=\"section-title-main\" >FAQ - TT88 tr\u1ea3 l\u1eddi c\u00e1c c\u00e2u h\u1ecfi th\u01b0\u1eddng g\u1eb7p<\/span><b><\/b><\/h2><\/div>\n<div class=\"accordion\">\n\t<div id=\"accordion-1174606843\" class=\"accordion-item\">\n\t\t<a id=\"accordion-1174606843-label\" class=\"accordion-title plain\" href=\"#accordion-item-tt88-l\u00e0-g\u00ec?\" aria-expanded=\"false\" aria-controls=\"accordion-1174606843-content\" >\n\t\t\t<button class=\"toggle\" aria-label=\"Chuy\u1ec3n \u0111\u1ed5i\"><i class=\"icon-angle-down\"><\/i><\/button>\n\t\t\t<span>TT88 l\u00e0 g\u00ec?<\/span>\n\t\t<\/a>\n\t\t<div id=\"accordion-1174606843-content\" class=\"accordion-inner\" aria-labelledby=\"accordion-1174606843-label\" >\n\t\t\t\n<p>TT88 l\u00e0 n\u1ec1n t\u1ea3ng c\u00e1 c\u01b0\u1ee3c \u2013 gi\u1ea3i tr\u00ed tr\u1ef1c tuy\u1ebfn, cung c\u1ea5p nhi\u1ec1u h\u00ecnh th\u1ee9c gi\u1ea3i tr\u00ed nh\u01b0 th\u1ec3 thao, game b\u00e0i v\u00e0 tr\u00f2 ch\u01a1i tr\u1ef1c tuy\u1ebfn, \u0111\u01b0\u1ee3c ng\u01b0\u1eddi ch\u01a1i Vi\u1ec7t Nam quan t\u00e2m nh\u1edd t\u00ednh \u1ed5n \u0111\u1ecbnh v\u00e0 d\u1ec5 s\u1eed d\u1ee5ng.<\/p>\n\t\t<\/div>\n\t<\/div>\n\t\n\t<div id=\"accordion-1709527153\" class=\"accordion-item\">\n\t\t<a id=\"accordion-1709527153-label\" class=\"accordion-title plain\" href=\"#accordion-item-tt88-c\u00f3-uy-t\u00edn-kh\u00f4ng?\" aria-expanded=\"false\" aria-controls=\"accordion-1709527153-content\" >\n\t\t\t<button class=\"toggle\" aria-label=\"Chuy\u1ec3n \u0111\u1ed5i\"><i class=\"icon-angle-down\"><\/i><\/button>\n\t\t\t<span>TT88 c\u00f3 uy t\u00edn kh\u00f4ng?<\/span>\n\t\t<\/a>\n\t\t<div id=\"accordion-1709527153-content\" class=\"accordion-inner\" aria-labelledby=\"accordion-1709527153-label\" >\n\t\t\t\n<p>TT88 \u0111\u01b0\u1ee3c \u0111\u00e1nh gi\u00e1 cao nh\u1edd h\u1ec7 th\u1ed1ng v\u1eadn h\u00e0nh \u1ed5n \u0111\u1ecbnh, b\u1ea3o m\u1eadt nhi\u1ec1u l\u1edbp v\u00e0 quy tr\u00ecnh giao d\u1ecbch minh b\u1ea1ch. Nhi\u1ec1u ng\u01b0\u1eddi ch\u01a1i ph\u1ea3n h\u1ed3i th\u1eddi gian x\u1eed l\u00fd n\u1ea1p \u2013 r\u00fat nhanh v\u00e0 \u00edt x\u1ea3y ra gi\u00e1n \u0111o\u1ea1n.<\/p>\n\t\t<\/div>\n\t<\/div>\n\t\n\t<div id=\"accordion-2354174329\" class=\"accordion-item\">\n\t\t<a id=\"accordion-2354174329-label\" class=\"accordion-title plain\" href=\"#accordion-item-tt88-ph\u00f9-h\u1ee3p-v\u1edbi-ng\u01b0\u1eddi-ch\u01a1i-m\u1edbi-kh\u00f4ng?\" aria-expanded=\"false\" aria-controls=\"accordion-2354174329-content\" >\n\t\t\t<button class=\"toggle\" aria-label=\"Chuy\u1ec3n \u0111\u1ed5i\"><i class=\"icon-angle-down\"><\/i><\/button>\n\t\t\t<span>TT88 ph\u00f9 h\u1ee3p v\u1edbi ng\u01b0\u1eddi ch\u01a1i m\u1edbi kh\u00f4ng?<\/span>\n\t\t<\/a>\n\t\t<div id=\"accordion-2354174329-content\" class=\"accordion-inner\" aria-labelledby=\"accordion-2354174329-label\" >\n\t\t\t\n<p>C\u00f3. Giao di\u1ec7n TT88 \u0111\u01b0\u1ee3c thi\u1ebft k\u1ebf tr\u1ef1c quan, b\u1ed1 c\u1ee5c r\u00f5 r\u00e0ng, thao t\u00e1c \u0111\u01a1n gi\u1ea3n, gi\u00fap ng\u01b0\u1eddi m\u1edbi d\u1ec5 l\u00e0m quen m\u00e0 kh\u00f4ng m\u1ea5t nhi\u1ec1u th\u1eddi gian t\u00ecm hi\u1ec3u.<\/p>\n\t\t<\/div>\n\t<\/div>\n\t\n\t<div id=\"accordion-1212489975\" class=\"accordion-item\">\n\t\t<a id=\"accordion-1212489975-label\" class=\"accordion-title plain\" href=\"#accordion-item-\u0110\u0103ng-k\u00fd-t\u00e0i-kho\u1ea3n-tt88-c\u00f3-m\u1ea5t-ph\u00ed-kh\u00f4ng?\" aria-expanded=\"false\" aria-controls=\"accordion-1212489975-content\" >\n\t\t\t<button class=\"toggle\" aria-label=\"Chuy\u1ec3n \u0111\u1ed5i\"><i class=\"icon-angle-down\"><\/i><\/button>\n\t\t\t<span>\u0110\u0103ng k\u00fd t\u00e0i kho\u1ea3n TT88 c\u00f3 m\u1ea5t ph\u00ed kh\u00f4ng?<\/span>\n\t\t<\/a>\n\t\t<div id=\"accordion-1212489975-content\" class=\"accordion-inner\" aria-labelledby=\"accordion-1212489975-label\" >\n\t\t\t\n<p>Vi\u1ec7c \u0111\u0103ng k\u00fd t\u00e0i kho\u1ea3n TT88 ho\u00e0n to\u00e0n mi\u1ec5n ph\u00ed. Ng\u01b0\u1eddi ch\u01a1i ch\u1ec9 c\u1ea7n v\u00e0i b\u01b0\u1edbc c\u01a1 b\u1ea3n \u0111\u1ec3 t\u1ea1o t\u00e0i kho\u1ea3n v\u00e0 c\u00f3 th\u1ec3 tham gia tr\u1ea3i nghi\u1ec7m ngay sau khi x\u00e1c minh.<\/p>\n\t\t<\/div>\n\t<\/div>\n\t\n\t<div id=\"accordion-2724120911\" class=\"accordion-item\">\n\t\t<a id=\"accordion-2724120911-label\" class=\"accordion-title plain\" href=\"#accordion-item-tt88-c\u00f3-h\u1ed7-tr\u1ee3-tr\u00ean-\u0111i\u1ec7n-tho\u1ea1i-kh\u00f4ng?\" aria-expanded=\"false\" aria-controls=\"accordion-2724120911-content\" >\n\t\t\t<button class=\"toggle\" aria-label=\"Chuy\u1ec3n \u0111\u1ed5i\"><i class=\"icon-angle-down\"><\/i><\/button>\n\t\t\t<span>TT88 c\u00f3 h\u1ed7 tr\u1ee3 tr\u00ean \u0111i\u1ec7n tho\u1ea1i kh\u00f4ng?<\/span>\n\t\t<\/a>\n\t\t<div id=\"accordion-2724120911-content\" class=\"accordion-inner\" aria-labelledby=\"accordion-2724120911-label\" >\n\t\t\t\n<p>TT88 h\u1ed7 tr\u1ee3 t\u1ed1t tr\u00ean c\u1ea3 tr\u00ecnh duy\u1ec7t web v\u00e0 thi\u1ebft b\u1ecb di \u0111\u1ed9ng. Tr\u1ea3i nghi\u1ec7m th\u1ef1c t\u1ebf cho th\u1ea5y t\u1ed1c \u0111\u1ed9 t\u1ea3i m\u01b0\u1ee3t, thao t\u00e1c \u1ed5n \u0111\u1ecbnh, ph\u00f9 h\u1ee3p v\u1edbi ng\u01b0\u1eddi ch\u01a1i th\u01b0\u1eddng xuy\u00ean s\u1eed d\u1ee5ng smartphone.<\/p>\n\t\t<\/div>\n\t<\/div>\n\t\n<\/div>\n","protected":false},"excerpt":{"rendered":"<p>TT88 &#8211; Trang Ch\u1ee7 TT88 Ch\u00ednh Th\u1ee9c 2026 | \u0110\u0103ng K\u00fd &amp; T\u1ea3i \u00c1p +888K TT88\u00a0l\u00e0 nh\u00e0 c\u00e1i online uy t\u00edn h\u00e0ng \u0111\u1ea7u Vi\u1ec7t Nam, \u0111\u01b0\u1ee3c c\u1ed9ng \u0111\u1ed3ng game th\u1ee7 \u0111\u00e1nh gi\u00e1 cao nh\u1edd t\u1ed1c \u0111\u1ed9 x\u1eed l\u00fd giao d\u1ecbch nhanh g\u1ecdn v\u00e0 tr\u1ea3i nghi\u1ec7m \u1ed5n \u0111\u1ecbnh xuy\u00ean su\u1ed1t. Th\u1ef1c t\u1ebf, nhi\u1ec1u ng\u01b0\u1eddi ch\u01a1i ghi [&#8230;]\n","protected":false},"author":1,"featured_media":41,"parent":0,"menu_order":0,"comment_status":"closed","ping_status":"closed","template":"","meta":{"footnotes":""},"class_list":["post-11","page","type-page","status-publish","has-post-thumbnail","hentry"],"_links":{"self":[{"href":"https:\/\/tt88-mobile.app\/index.php\/wp-json\/wp\/v2\/pages\/11","targetHints":{"allow":["GET"]}}],"collection":[{"href":"https:\/\/tt88-mobile.app\/index.php\/wp-json\/wp\/v2\/pages"}],"about":[{"href":"https:\/\/tt88-mobile.app\/index.php\/wp-json\/wp\/v2\/types\/page"}],"author":[{"embeddable":true,"href":"https:\/\/tt88-mobile.app\/index.php\/wp-json\/wp\/v2\/users\/1"}],"replies":[{"embeddable":true,"href":"https:\/\/tt88-mobile.app\/index.php\/wp-json\/wp\/v2\/comments?post=11"}],"version-history":[{"count":21,"href":"https:\/\/tt88-mobile.app\/index.php\/wp-json\/wp\/v2\/pages\/11\/revisions"}],"predecessor-version":[{"id":69,"href":"https:\/\/tt88-mobile.app\/index.php\/wp-json\/wp\/v2\/pages\/11\/revisions\/69"}],"wp:featuredmedia":[{"embeddable":true,"href":"https:\/\/tt88-mobile.app\/index.php\/wp-json\/wp\/v2\/media\/41"}],"wp:attachment":[{"href":"https:\/\/tt88-mobile.app\/index.php\/wp-json\/wp\/v2\/media?parent=11"}],"curies":[{"name":"wp","href":"https:\/\/api.w.org\/{rel}","templated":true}]}}